{"id":835,"date":"2021-11-20T16:52:09","date_gmt":"2021-11-20T21:52:09","guid":{"rendered":"https:\/\/constrio.prosardev.com\/des-produits\/"},"modified":"2025-07-28T14:33:35","modified_gmt":"2025-07-28T18:33:35","slug":"des-produits","status":"publish","type":"page","link":"https:\/\/constrio.prosardev.com\/fr\/des-produits\/","title":{"rendered":"Produits"},"content":{"rendered":"\t\t<div data-elementor-type=\"wp-page\" data-elementor-id=\"835\" class=\"elementor elementor-835 elementor-657\" data-elementor-post-type=\"page\">\n\t\t\t\t\t\t<section class=\"elementor-section elementor-top-section elementor-element elementor-element-444e204 elementor-section-full_width elementor-section-height-min-height parallax_section_holder elementor-section-height-default elementor-section-items-middle qode_elementor_container_no\" data-id=\"444e204\" data-element_type=\"section\" data-e-type=\"section\" data-settings=\"{&quot;background_background&quot;:&quot;classic&quot;,&quot;motion_fx_motion_fx_scrolling&quot;:&quot;yes&quot;,&quot;motion_fx_devices&quot;:[&quot;desktop&quot;,&quot;tablet&quot;,&quot;mobile&quot;],&quot;qode_parallax_image&quot;:{&quot;url&quot;:&quot;&quot;,&quot;id&quot;:&quot;&quot;,&quot;size&quot;:&quot;&quot;}}\">\n\t\t\t\t\t\t\t<div class=\"elementor-background-overlay\"><\/div>\n\t\t\t\t\t\t\t<div class=\"elementor-container elementor-column-gap-default\">\n\t\t\t\t\t<div class=\"elementor-column elementor-col-100 elementor-top-column elementor-element elementor-element-4707146\" data-id=\"4707146\" data-element_type=\"column\" data-e-type=\"column\">\n\t\t\t<div class=\"elementor-widget-wrap elementor-element-populated\">\n\t\t\t\t\t\t<div class=\"elementor-element elementor-element-4852f6f elementor-widget elementor-widget-heading\" data-id=\"4852f6f\" data-element_type=\"widget\" data-e-type=\"widget\" data-widget_type=\"heading.default\">\n\t\t\t\t<div class=\"elementor-widget-container\">\n\t\t\t\t\t<h1 class=\"elementor-heading-title elementor-size-default\">Produits<\/h1>\t\t\t\t<\/div>\n\t\t\t\t<\/div>\n\t\t\t\t<div class=\"elementor-element elementor-element-79d08c4 elementor-widget elementor-widget-heading\" data-id=\"79d08c4\" data-element_type=\"widget\" data-e-type=\"widget\" data-widget_type=\"heading.default\">\n\t\t\t\t<div class=\"elementor-widget-container\">\n\t\t\t\t\t<h2 class=\"elementor-heading-title elementor-size-default\">Notre \u00e9quipe est une ressource pr\u00e9cieuse pour les professionnels du b\u00e2timent, fournissant une connaissance des mat\u00e9riaux et de l'industrie pour b\u00e2tir de meilleurs b\u00e2timents.<\/h2>\t\t\t\t<\/div>\n\t\t\t\t<\/div>\n\t\t\t\t\t<\/div>\n\t\t<\/div>\n\t\t\t\t\t<\/div>\n\t\t<\/section>\n\t\t\t\t<section class=\"elementor-section elementor-top-section elementor-element elementor-element-9525b6d elementor-section-boxed elementor-section-height-default elementor-section-height-default parallax_section_no qode_elementor_container_no\" data-id=\"9525b6d\" data-element_type=\"section\" data-e-type=\"section\">\n\t\t\t\t\t\t<div class=\"elementor-container elementor-column-gap-default\">\n\t\t\t\t\t<div class=\"elementor-column elementor-col-100 elementor-top-column elementor-element elementor-element-7e0671d\" data-id=\"7e0671d\" data-element_type=\"column\" data-e-type=\"column\" data-settings=\"{&quot;background_background&quot;:&quot;classic&quot;}\">\n\t\t\t<div class=\"elementor-widget-wrap elementor-element-populated\">\n\t\t\t\t\t\t<div class=\"elementor-element elementor-element-c46efe5 elementor-widget elementor-widget-text-editor\" data-id=\"c46efe5\" data-element_type=\"widget\" data-e-type=\"widget\" data-widget_type=\"text-editor.default\">\n\t\t\t\t<div class=\"elementor-widget-container\">\n\t\t\t\t\t\t\t\t\t<p>Nous nous engageons \u00e0 vous assister afin de vous procurer des mat\u00e9riaux de qualit\u00e9 et \u00e9cologiques qui r\u00e9pondent ou d\u00e9passent vos sp\u00e9cifications. Utiliser les bons mat\u00e9riaux fait plus que construire de meilleurs b\u00e2timents, cela renforce votre r\u00e9putation. Recherchez nos mat\u00e9riaux ci-dessous pour trouver ce dont vous avez besoin, ou <span style=\"text-decoration: underline;\"><a href=\"https:\/\/constrio.prosardev.com\/fr\/contact\/\">contactez-nous directement<\/a><\/span>.<\/p>\t\t\t\t\t\t\t\t<\/div>\n\t\t\t\t<\/div>\n\t\t\t\t\t<\/div>\n\t\t<\/div>\n\t\t\t\t\t<\/div>\n\t\t<\/section>\n\t\t\t\t<section class=\"elementor-section elementor-top-section elementor-element elementor-element-c1b37ce elementor-section-boxed elementor-section-height-default elementor-section-height-default parallax_section_no qode_elementor_container_no\" data-id=\"c1b37ce\" data-element_type=\"section\" data-e-type=\"section\">\n\t\t\t\t\t\t<div class=\"elementor-container elementor-column-gap-default\">\n\t\t\t\t\t<div class=\"elementor-column elementor-col-100 elementor-top-column elementor-element elementor-element-dcd7c15\" data-id=\"dcd7c15\" data-element_type=\"column\" data-e-type=\"column\">\n\t\t\t<div class=\"elementor-widget-wrap elementor-element-populated\">\n\t\t\t\t\t\t<div class=\"elementor-element elementor-element-aa4d312 elementor-widget elementor-widget-text-editor\" data-id=\"aa4d312\" data-element_type=\"widget\" data-e-type=\"widget\" data-widget_type=\"text-editor.default\">\n\t\t\t\t<div class=\"elementor-widget-container\">\n\t\t\t\t\t\t\t\t\t<table border=\"1\">\n<tbody>\n<tr>\n<th>Division du code du b\u00e2timent<\/th>\n<th>Fabricant<\/th>\n<th>Produit<\/th>\n<\/tr>\n<tr>\n<td>Division 7 &#8211; Isolation projet\u00e9e<\/td>\n<td>BASF<\/td>\n<td><a href=\"https:\/\/walltite.basf.ca\/home\/fr-ca\" target=\"_blank\" rel=\"noopener\">Walltite CM01<\/a><\/td>\n<\/tr>\n<tr>\n<td>Division 7 &#8211; Isolation projet\u00e9e<\/td>\n<td>BASF<\/td>\n<td><a href=\"https:\/\/walltite.basf.ca\/home\/fr-ca\" target=\"_blank\" rel=\"noopener\">Walltite XL01<\/a><\/td>\n<\/tr>\n<tr>\n<td>Division 7 &#8211; Rev\u00eatements Ext\u00e9rieurs<\/td>\n<td>Gentek<\/td>\n<td><a href=\"https:\/\/www.gentek.ca\/product-catalog\/revetement-en-aluminium\/?lang=fr\" target=\"_blank\" rel=\"noopener\">Aluminum Siding<\/a><\/td>\n<\/tr>\n<tr>\n<td>Division 7 &#8211; Rev\u00eatements Ext\u00e9rieurs<\/td>\n<td>Gentek<\/td>\n<td><a href=\"https:\/\/www.gentek.ca\/product-catalog\/revetement-en-acier\/sierra-steel\/?lang=fr\" target=\"_blank\" rel=\"noopener\">Sierra Steel<\/a><\/td>\n<\/tr>\n<tr>\n<td>Division 7 &#8211; Rev\u00eatements Ext\u00e9rieurs<\/td>\n<td>Gentek<\/td>\n<td><a href=\"https:\/\/www.gentek.ca\/product-catalog\/siding-fr\/align-bardage-composite-1\/?lang=fr\" target=\"_blank\" rel=\"noopener\">Align<\/a><\/td>\n<\/tr>\n<tr>\n<td>Division 7 &#8211; Rev\u00eatements Ext\u00e9rieurs<\/td>\n<td>Longboard<\/td>\n<td><a href=\"https:\/\/www.longboardproducts.com\/\" target=\"_blank\" rel=\"noopener\">Longboard Siding<\/a><\/td>\n<\/tr>\n<tr>\n<td>Division 7 &#8211; Rev\u00eatements Ext\u00e9rieurs<\/td>\n<td>Longboard<\/td>\n<td><a href=\"https:\/\/longboardproducts.com\/exterior-products\/screens-enclosures\/privacy-beams\" target=\"_blank\" rel=\"noopener\">Privacy Screen<\/a><\/td>\n<\/tr>\n<tr>\n<td>Division 7 &#8211; Rev\u00eatements Ext\u00e9rieurs<\/td>\n<td>Longboard<\/td>\n<td><a href=\"https:\/\/longboardproducts.com\/exterior-products\/screens-enclosures\/link-lock\" target=\"_blank\" rel=\"noopener\">Link &amp; Lock<\/a><\/td>\n<\/tr>\n<tr>\n<td>Division 7 &#8211; Rev\u00eatements Ext\u00e9rieurs<\/td>\n<td>Metalunic<\/td>\n<td><a href=\"https:\/\/metalunic.com\/\" target=\"_blank\" rel=\"noopener\">Metalunic<\/a><\/td>\n<\/tr>\n<tr>\n<td>Division 7 &#8211; Rev\u00eatements Ext\u00e9rieurs<\/td>\n<td>C\u00e9ragr\u00e8s<\/td>\n<td><a href=\"https:\/\/www.ceragres.ca\/fr\" target=\"_blank\" rel=\"noopener\">C\u00e9ragr\u00e8s<\/a><\/td>\n<\/tr>\n<tr>\n<td>Division 7 &#8211; Rev\u00eatements Ext\u00e9rieurs<\/td>\n<td>AGROB BUCHTAL (C\u00e9ragr\u00e8s)<\/td>\n<td><a href=\"https:\/\/agrob-buchtal.de\/fr\" target=\"_blank\" rel=\"noopener\">AGROB BUCHTAL<\/a><\/td>\n<\/tr>\n<tr>\n<td>Division 7 &#8211; Rev\u00eatements Ext\u00e9rieurs<\/td>\n<td>CAREA (C\u00e9ragr\u00e8s)<\/td>\n<td><a href=\"https:\/\/carea-facade.com\/fr\/accueil\/\" target=\"_blank\" rel=\"noopener\">CAREA<\/a><\/td>\n<\/tr>\n<tr>\n<td>Division 7 &#8211; Rev\u00eatements Ext\u00e9rieurs<\/td>\n<td>IMOLA TECNICA (C\u00e9ragr\u00e8s)<\/td>\n<td><a href=\"https:\/\/imolatecnica.it\/\" target=\"_blank\" rel=\"noopener\">IMOLA TECNICA<\/a><\/td>\n<\/tr>\n<tr>\n<td>Division 7 &#8211; Rev\u00eatements Ext\u00e9rieurs<\/td>\n<td>Tempio (C\u00e9ragr\u00e8s)<\/td>\n<td><a href=\"http:\/\/www.tempio.es\/\" target=\"_blank\" rel=\"noopener\">Tempio<\/a><\/td>\n<\/tr>\n<tr>\n<td>Division 7 &#8211; Syst\u00e8mes d&rsquo;imperm\u00e9abilisation et gestion de l&rsquo;humidit\u00e9<\/td>\n<td>Naturaseal<\/td>\n<td><a href=\"https:\/\/naturaseal.com\/coating\/waterproofing\/\" target=\"_blank\" rel=\"noopener\">Naturaseal Waterproofing System<\/a><\/td>\n<\/tr>\n<tr>\n<td>Division 7 &#8211; Syst\u00e8mes d&rsquo;imperm\u00e9abilisation et gestion de l&rsquo;humidit\u00e9<\/td>\n<td>Naturaseal<\/td>\n<td><a href=\"https:\/\/naturaseal.com\/coating\/waterproofing\/\" target=\"_blank\" rel=\"noopener\">Naturaseal Dramproofing<\/a><\/td>\n<\/tr>\n<tr>\n<td>Division 7 &#8211; Panneaux de Drainage<\/td>\n<td>D\u00f6rken<\/td>\n<td><a href=\"https:\/\/www.dorken.com\/fr\/our-products\/commercial-products\/waterproofing-drainage-system\/vertical-drainage\/\" target=\"_blank\" rel=\"noopener\">Panneaux de Drainage pour Fondation (Vertical)<\/a><\/td>\n<\/tr>\n<tr>\n<td>Division 7 &#8211; Panneaux de Drainage<\/td>\n<td>D\u00f6rken<\/td>\n<td><a href=\"https:\/\/www.dorken.com\/fr\/our-products\/commercial-products\/waterproofing-drainage-system\/horizontal-drainage\/\" target=\"_blank\" rel=\"noopener\">Panneaux de Drainage pour Fondation (Horizontal)<\/a><\/td>\n<\/tr>\n<tr>\n<td>Division 7 &#8211; Syst\u00e8mes d&rsquo;\u00e9tanch\u00e9it\u00e9 \u00e0 l&rsquo;air<\/td>\n<td>Naturaseal Dramproofing<\/td>\n<td><a href=\"https:\/\/naturaseal.com\/coating\/air-barrier\/\" target=\"_blank\" rel=\"noopener\">Airseal NS-A250-HP<\/a><\/td>\n<\/tr>\n<tr>\n<td>Division 7 \u2013 Syst\u00e8mes d\u2019\u00e9tanch\u00e9it\u00e9 \u00e0 l\u2019air<\/td>\n<td>D\u00f6rken<\/td>\n<td><a href=\"https:\/\/www.dorken.com\/en\/our-products\/commercial-products\/wall-systems\" target=\"_blank\" rel=\"noopener\">Syst\u00e8mes Muraux<\/a><\/td>\n<\/tr>\n<tr>\n<td>Division 7 &#8211; Toiture<\/td>\n<td>Naturaseal Dramproofing<\/td>\n<td><a href=\"https:\/\/naturaseal.com\/coating\/roofing\/\" target=\"_blank\" rel=\"noopener\">Sprayseal NS-R200<\/a><\/td>\n<\/tr>\n<tr>\n<td>Division 7 &#8211; Toiture<\/td>\n<td>D\u00f6rken<\/td>\n<td><a href=\"https:\/\/www.dorken.com\/fr\/our-products\/commercial-products\/sloped-roof-systems\/\" target=\"_blank\" rel=\"noopener\">Syst\u00e8mes de Toitures<\/a><\/td>\n<\/tr>\n<tr>\n<td>Division9 &#8211; Composantes Acoustiques<\/td>\n<td>Syst\u00e8mes PAD<\/td>\n<td><a href=\"http:\/\/systemespad.com\/produits\/\" target=\"_blank\" rel=\"noopener\">PAD<\/a><\/td>\n<\/tr>\n<\/tbody>\n<\/table>\t\t\t\t\t\t\t\t<\/div>\n\t\t\t\t<\/div>\n\t\t\t\t<div class=\"elementor-element elementor-element-bb4898e elementor-widget elementor-widget-button\" data-id=\"bb4898e\" data-element_type=\"widget\" data-e-type=\"widget\" data-widget_type=\"button.default\">\n\t\t\t\t<div class=\"elementor-widget-container\">\n\t\t\t\t\t\t\t\t\t<div class=\"elementor-button-wrapper\">\n\t\t\t\t\t<a class=\"elementor-button elementor-button-link elementor-size-sm\" href=\"https:\/\/constrio.prosardev.com\/fr\/echantillons\/\">\n\t\t\t\t\t\t<span class=\"elementor-button-content-wrapper\">\n\t\t\t\t\t\t\t\t\t<span class=\"elementor-button-text\">Obtenez des \u00e9chantillions<\/span>\n\t\t\t\t\t<\/span>\n\t\t\t\t\t<\/a>\n\t\t\t\t<\/div>\n\t\t\t\t\t\t\t\t<\/div>\n\t\t\t\t<\/div>\n\t\t\t\t\t<\/div>\n\t\t<\/div>\n\t\t\t\t\t<\/div>\n\t\t<\/section>\n\t\t\t\t<section class=\"elementor-section elementor-top-section elementor-element elementor-element-6e20c15 elementor-section-boxed elementor-section-height-default elementor-section-height-default parallax_section_no qode_elementor_container_no\" data-id=\"6e20c15\" data-element_type=\"section\" data-e-type=\"section\" data-settings=\"{&quot;background_background&quot;:&quot;classic&quot;}\">\n\t\t\t\t\t\t<div class=\"elementor-container elementor-column-gap-default\">\n\t\t\t\t\t<div class=\"elementor-column elementor-col-100 elementor-top-column elementor-element elementor-element-dac0491\" data-id=\"dac0491\" data-element_type=\"column\" data-e-type=\"column\">\n\t\t\t<div class=\"elementor-widget-wrap elementor-element-populated\">\n\t\t\t\t\t\t<section class=\"elementor-section elementor-inner-section elementor-element elementor-element-7443ba9 elementor-section-boxed elementor-section-height-default elementor-section-height-default parallax_section_no qode_elementor_container_no\" data-id=\"7443ba9\" data-element_type=\"section\" data-e-type=\"section\">\n\t\t\t\t\t\t<div class=\"elementor-container elementor-column-gap-default\">\n\t\t\t\t\t<div class=\"elementor-column elementor-col-50 elementor-inner-column elementor-element elementor-element-84e45ba\" data-id=\"84e45ba\" data-element_type=\"column\" data-e-type=\"column\">\n\t\t\t<div class=\"elementor-widget-wrap elementor-element-populated\">\n\t\t\t\t\t\t<div class=\"elementor-element elementor-element-937e60a elementor-widget elementor-widget-image\" data-id=\"937e60a\" data-element_type=\"widget\" data-e-type=\"widget\" data-widget_type=\"image.default\">\n\t\t\t\t<div class=\"elementor-widget-container\">\n\t\t\t\t\t\t\t\t\t\t\t\t\t\t\t\t<a href=\"https:\/\/constrio.prosardev.com\">\n\t\t\t\t\t\t\t<img decoding=\"async\" width=\"300\" height=\"105\" src=\"https:\/\/constrio.prosardev.com\/wp-content\/uploads\/2023\/02\/Constrio-Logo-Horizontal-W-300x105.png\" class=\"attachment-medium size-medium wp-image-1178\" alt=\"\" srcset=\"https:\/\/constrio.prosardev.com\/wp-content\/uploads\/2023\/02\/Constrio-Logo-Horizontal-W-300x105.png 300w, https:\/\/constrio.prosardev.com\/wp-content\/uploads\/2023\/02\/Constrio-Logo-Horizontal-W-600x209.png 600w, https:\/\/constrio.prosardev.com\/wp-content\/uploads\/2023\/02\/Constrio-Logo-Horizontal-W-1024x357.png 1024w, https:\/\/constrio.prosardev.com\/wp-content\/uploads\/2023\/02\/Constrio-Logo-Horizontal-W-768x268.png 768w, https:\/\/constrio.prosardev.com\/wp-content\/uploads\/2023\/02\/Constrio-Logo-Horizontal-W-700x244.png 700w, https:\/\/constrio.prosardev.com\/wp-content\/uploads\/2023\/02\/Constrio-Logo-Horizontal-W.png 1200w\" sizes=\"(max-width: 300px) 100vw, 300px\" \/>\t\t\t\t\t\t\t\t<\/a>\n\t\t\t\t\t\t\t\t\t\t\t\t\t\t\t<\/div>\n\t\t\t\t<\/div>\n\t\t\t\t<div class=\"elementor-element elementor-element-5df533c elementor-widget elementor-widget-text-editor\" data-id=\"5df533c\" data-element_type=\"widget\" data-e-type=\"widget\" data-widget_type=\"text-editor.default\">\n\t\t\t\t<div class=\"elementor-widget-container\">\n\t\t\t\t\t\t\t\t\t<p><a href=\"http:\/\/paricime.com\/contacts\/\" target=\"_blank\" rel=\"noopener noreferrer\">info@constrio.com<\/a><\/p><p>514-318-0079<\/p>\t\t\t\t\t\t\t\t<\/div>\n\t\t\t\t<\/div>\n\t\t\t\t<div class=\"elementor-element elementor-element-2f3365b elementor-widget elementor-widget-button\" data-id=\"2f3365b\" data-element_type=\"widget\" data-e-type=\"widget\" data-widget_type=\"button.default\">\n\t\t\t\t<div class=\"elementor-widget-container\">\n\t\t\t\t\t\t\t\t\t<div class=\"elementor-button-wrapper\">\n\t\t\t\t\t<a class=\"elementor-button elementor-button-link elementor-size-sm\" href=\"\/newsletter\/\">\n\t\t\t\t\t\t<span class=\"elementor-button-content-wrapper\">\n\t\t\t\t\t\t\t\t\t<span class=\"elementor-button-text\">Infolettre \u00c9lectronique\u200b<\/span>\n\t\t\t\t\t<\/span>\n\t\t\t\t\t<\/a>\n\t\t\t\t<\/div>\n\t\t\t\t\t\t\t\t<\/div>\n\t\t\t\t<\/div>\n\t\t\t\t\t<\/div>\n\t\t<\/div>\n\t\t\t\t<div class=\"elementor-column elementor-col-50 elementor-inner-column elementor-element elementor-element-7a61f17\" data-id=\"7a61f17\" data-element_type=\"column\" data-e-type=\"column\">\n\t\t\t<div class=\"elementor-widget-wrap elementor-element-populated\">\n\t\t\t\t\t\t<div class=\"elementor-element elementor-element-6a27240 elementor-widget elementor-widget-spacer\" data-id=\"6a27240\" data-element_type=\"widget\" data-e-type=\"widget\" data-widget_type=\"spacer.default\">\n\t\t\t\t<div class=\"elementor-widget-container\">\n\t\t\t\t\t\t\t<div class=\"elementor-spacer\">\n\t\t\t<div class=\"elementor-spacer-inner\"><\/div>\n\t\t<\/div>\n\t\t\t\t\t\t<\/div>\n\t\t\t\t<\/div>\n\t\t\t\t<div class=\"elementor-element elementor-element-10e2869 elementor-widget elementor-widget-image\" data-id=\"10e2869\" data-element_type=\"widget\" data-e-type=\"widget\" data-widget_type=\"image.default\">\n\t\t\t\t<div class=\"elementor-widget-container\">\n\t\t\t\t\t\t\t\t\t\t\t\t\t\t\t\t<a href=\"https:\/\/montreal.csc-dcc.ca\/\" target=\"_blank\">\n\t\t\t\t\t\t\t<img fetchpriority=\"high\" decoding=\"async\" width=\"300\" height=\"300\" src=\"https:\/\/constrio.prosardev.com\/wp-content\/uploads\/2025\/02\/CSC-DCC-White-trans-300x300.png\" class=\"attachment-medium size-medium wp-image-3180\" alt=\"\" srcset=\"https:\/\/constrio.prosardev.com\/wp-content\/uploads\/2025\/02\/CSC-DCC-White-trans-300x300.png 300w, https:\/\/constrio.prosardev.com\/wp-content\/uploads\/2025\/02\/CSC-DCC-White-trans-100x100.png 100w, https:\/\/constrio.prosardev.com\/wp-content\/uploads\/2025\/02\/CSC-DCC-White-trans-600x600.png 600w, https:\/\/constrio.prosardev.com\/wp-content\/uploads\/2025\/02\/CSC-DCC-White-trans-1024x1024.png 1024w, https:\/\/constrio.prosardev.com\/wp-content\/uploads\/2025\/02\/CSC-DCC-White-trans-150x150.png 150w, https:\/\/constrio.prosardev.com\/wp-content\/uploads\/2025\/02\/CSC-DCC-White-trans-768x768.png 768w, https:\/\/constrio.prosardev.com\/wp-content\/uploads\/2025\/02\/CSC-DCC-White-trans-570x570.png 570w, https:\/\/constrio.prosardev.com\/wp-content\/uploads\/2025\/02\/CSC-DCC-White-trans-500x500.png 500w, https:\/\/constrio.prosardev.com\/wp-content\/uploads\/2025\/02\/CSC-DCC-White-trans-1000x1000.png 1000w, https:\/\/constrio.prosardev.com\/wp-content\/uploads\/2025\/02\/CSC-DCC-White-trans-700x700.png 700w, https:\/\/constrio.prosardev.com\/wp-content\/uploads\/2025\/02\/CSC-DCC-White-trans.png 1080w\" sizes=\"(max-width: 300px) 100vw, 300px\" \/>\t\t\t\t\t\t\t\t<\/a>\n\t\t\t\t\t\t\t\t\t\t\t\t\t\t\t<\/div>\n\t\t\t\t<\/div>\n\t\t\t\t\t<\/div>\n\t\t<\/div>\n\t\t\t\t\t<\/div>\n\t\t<\/section>\n\t\t\t\t\t<\/div>\n\t\t<\/div>\n\t\t\t\t\t<\/div>\n\t\t<\/section>\n\t\t\t\t<\/div>\n\t\t","protected":false},"excerpt":{"rendered":"<p>Produits Notre \u00e9quipe est une ressource pr\u00e9cieuse pour les professionnels du b\u00e2timent, fournissant une connaissance des mat\u00e9riaux et de l&rsquo;industrie pour b\u00e2tir de meilleurs b\u00e2timents. Nous nous engageons \u00e0 vous assister afin de vous procurer des mat\u00e9riaux de qualit\u00e9 et \u00e9cologiques qui r\u00e9pondent ou d\u00e9passent&#8230;<\/p>\n","protected":false},"author":1,"featured_media":0,"parent":0,"menu_order":0,"comment_status":"closed","ping_status":"closed","template":"elementor_header_footer","meta":{"footnotes":""},"class_list":["post-835","page","type-page","status-publish","hentry"],"yoast_head":"<!-- This site is optimized with the Yoast SEO plugin v27.0 - https:\/\/yoast.com\/product\/yoast-seo-wordpress\/ -->\n<title>Produits - Constrio<\/title>\n<meta name=\"robots\" content=\"index, follow, max-snippet:-1, max-image-preview:large, max-video-preview:-1\" \/>\n<link rel=\"canonical\" href=\"https:\/\/constrio.prosardev.com\/fr\/des-produits\/\" \/>\n<meta property=\"og:locale\" content=\"fr_FR\" \/>\n<meta property=\"og:type\" content=\"article\" \/>\n<meta property=\"og:title\" content=\"Produits - Constrio\" \/>\n<meta property=\"og:description\" content=\"Produits Notre \u00e9quipe est une ressource pr\u00e9cieuse pour les professionnels du b\u00e2timent, fournissant une connaissance des mat\u00e9riaux et de l&rsquo;industrie pour b\u00e2tir de meilleurs b\u00e2timents. Nous nous engageons \u00e0 vous assister afin de vous procurer des mat\u00e9riaux de qualit\u00e9 et \u00e9cologiques qui r\u00e9pondent ou d\u00e9passent...\" \/>\n<meta property=\"og:url\" content=\"https:\/\/constrio.prosardev.com\/fr\/des-produits\/\" \/>\n<meta property=\"og:site_name\" content=\"Constrio\" \/>\n<meta property=\"article:modified_time\" content=\"2025-07-28T18:33:35+00:00\" \/>\n<meta property=\"og:image\" content=\"https:\/\/constrio.prosardev.com\/wp-content\/uploads\/2023\/02\/Constrio-Logo-Horizontal-W-300x105.png\" \/>\n<meta name=\"twitter:card\" content=\"summary_large_image\" \/>\n<meta name=\"twitter:label1\" content=\"Dur\u00e9e de lecture estim\u00e9e\" \/>\n\t<meta name=\"twitter:data1\" content=\"2 minutes\" \/>\n<script type=\"application\/ld+json\" class=\"yoast-schema-graph\">{\"@context\":\"https:\/\/schema.org\",\"@graph\":[{\"@type\":\"WebPage\",\"@id\":\"https:\/\/constrio.prosardev.com\/fr\/des-produits\/\",\"url\":\"https:\/\/constrio.prosardev.com\/fr\/des-produits\/\",\"name\":\"Produits - Constrio\",\"isPartOf\":{\"@id\":\"https:\/\/constrio.prosardev.com\/fr\/#website\"},\"primaryImageOfPage\":{\"@id\":\"https:\/\/constrio.prosardev.com\/fr\/des-produits\/#primaryimage\"},\"image\":{\"@id\":\"https:\/\/constrio.prosardev.com\/fr\/des-produits\/#primaryimage\"},\"thumbnailUrl\":\"https:\/\/constrio.prosardev.com\/wp-content\/uploads\/2023\/02\/Constrio-Logo-Horizontal-W-300x105.png\",\"datePublished\":\"2021-11-20T21:52:09+00:00\",\"dateModified\":\"2025-07-28T18:33:35+00:00\",\"breadcrumb\":{\"@id\":\"https:\/\/constrio.prosardev.com\/fr\/des-produits\/#breadcrumb\"},\"inLanguage\":\"fr-FR\",\"potentialAction\":[{\"@type\":\"ReadAction\",\"target\":[\"https:\/\/constrio.prosardev.com\/fr\/des-produits\/\"]}]},{\"@type\":\"ImageObject\",\"inLanguage\":\"fr-FR\",\"@id\":\"https:\/\/constrio.prosardev.com\/fr\/des-produits\/#primaryimage\",\"url\":\"https:\/\/constrio.prosardev.com\/wp-content\/uploads\/2023\/02\/Constrio-Logo-Horizontal-W-300x105.png\",\"contentUrl\":\"https:\/\/constrio.prosardev.com\/wp-content\/uploads\/2023\/02\/Constrio-Logo-Horizontal-W-300x105.png\"},{\"@type\":\"BreadcrumbList\",\"@id\":\"https:\/\/constrio.prosardev.com\/fr\/des-produits\/#breadcrumb\",\"itemListElement\":[{\"@type\":\"ListItem\",\"position\":1,\"name\":\"Home\",\"item\":\"https:\/\/constrio.prosardev.com\/fr\/\"},{\"@type\":\"ListItem\",\"position\":2,\"name\":\"Produits\"}]},{\"@type\":\"WebSite\",\"@id\":\"https:\/\/constrio.prosardev.com\/fr\/#website\",\"url\":\"https:\/\/constrio.prosardev.com\/fr\/\",\"name\":\"Constrio\",\"description\":\"Constrio offre des solutions sur mesure aux entreprises manufacturi\u00e8res\",\"potentialAction\":[{\"@type\":\"SearchAction\",\"target\":{\"@type\":\"EntryPoint\",\"urlTemplate\":\"https:\/\/constrio.prosardev.com\/fr\/?s={search_term_string}\"},\"query-input\":{\"@type\":\"PropertyValueSpecification\",\"valueRequired\":true,\"valueName\":\"search_term_string\"}}],\"inLanguage\":\"fr-FR\"}]}<\/script>\n<!-- \/ Yoast SEO plugin. -->","yoast_head_json":{"title":"Produits - Constrio","robots":{"index":"index","follow":"follow","max-snippet":"max-snippet:-1","max-image-preview":"max-image-preview:large","max-video-preview":"max-video-preview:-1"},"canonical":"https:\/\/constrio.prosardev.com\/fr\/des-produits\/","og_locale":"fr_FR","og_type":"article","og_title":"Produits - Constrio","og_description":"Produits Notre \u00e9quipe est une ressource pr\u00e9cieuse pour les professionnels du b\u00e2timent, fournissant une connaissance des mat\u00e9riaux et de l&rsquo;industrie pour b\u00e2tir de meilleurs b\u00e2timents. Nous nous engageons \u00e0 vous assister afin de vous procurer des mat\u00e9riaux de qualit\u00e9 et \u00e9cologiques qui r\u00e9pondent ou d\u00e9passent...","og_url":"https:\/\/constrio.prosardev.com\/fr\/des-produits\/","og_site_name":"Constrio","article_modified_time":"2025-07-28T18:33:35+00:00","og_image":[{"url":"https:\/\/constrio.prosardev.com\/wp-content\/uploads\/2023\/02\/Constrio-Logo-Horizontal-W-300x105.png","type":"","width":"","height":""}],"twitter_card":"summary_large_image","twitter_misc":{"Dur\u00e9e de lecture estim\u00e9e":"2 minutes"},"schema":{"@context":"https:\/\/schema.org","@graph":[{"@type":"WebPage","@id":"https:\/\/constrio.prosardev.com\/fr\/des-produits\/","url":"https:\/\/constrio.prosardev.com\/fr\/des-produits\/","name":"Produits - Constrio","isPartOf":{"@id":"https:\/\/constrio.prosardev.com\/fr\/#website"},"primaryImageOfPage":{"@id":"https:\/\/constrio.prosardev.com\/fr\/des-produits\/#primaryimage"},"image":{"@id":"https:\/\/constrio.prosardev.com\/fr\/des-produits\/#primaryimage"},"thumbnailUrl":"https:\/\/constrio.prosardev.com\/wp-content\/uploads\/2023\/02\/Constrio-Logo-Horizontal-W-300x105.png","datePublished":"2021-11-20T21:52:09+00:00","dateModified":"2025-07-28T18:33:35+00:00","breadcrumb":{"@id":"https:\/\/constrio.prosardev.com\/fr\/des-produits\/#breadcrumb"},"inLanguage":"fr-FR","potentialAction":[{"@type":"ReadAction","target":["https:\/\/constrio.prosardev.com\/fr\/des-produits\/"]}]},{"@type":"ImageObject","inLanguage":"fr-FR","@id":"https:\/\/constrio.prosardev.com\/fr\/des-produits\/#primaryimage","url":"https:\/\/constrio.prosardev.com\/wp-content\/uploads\/2023\/02\/Constrio-Logo-Horizontal-W-300x105.png","contentUrl":"https:\/\/constrio.prosardev.com\/wp-content\/uploads\/2023\/02\/Constrio-Logo-Horizontal-W-300x105.png"},{"@type":"BreadcrumbList","@id":"https:\/\/constrio.prosardev.com\/fr\/des-produits\/#breadcrumb","itemListElement":[{"@type":"ListItem","position":1,"name":"Home","item":"https:\/\/constrio.prosardev.com\/fr\/"},{"@type":"ListItem","position":2,"name":"Produits"}]},{"@type":"WebSite","@id":"https:\/\/constrio.prosardev.com\/fr\/#website","url":"https:\/\/constrio.prosardev.com\/fr\/","name":"Constrio","description":"Constrio offre des solutions sur mesure aux entreprises manufacturi\u00e8res","potentialAction":[{"@type":"SearchAction","target":{"@type":"EntryPoint","urlTemplate":"https:\/\/constrio.prosardev.com\/fr\/?s={search_term_string}"},"query-input":{"@type":"PropertyValueSpecification","valueRequired":true,"valueName":"search_term_string"}}],"inLanguage":"fr-FR"}]}},"_links":{"self":[{"href":"https:\/\/constrio.prosardev.com\/fr\/wp-json\/wp\/v2\/pages\/835","targetHints":{"allow":["GET"]}}],"collection":[{"href":"https:\/\/constrio.prosardev.com\/fr\/wp-json\/wp\/v2\/pages"}],"about":[{"href":"https:\/\/constrio.prosardev.com\/fr\/wp-json\/wp\/v2\/types\/page"}],"author":[{"embeddable":true,"href":"https:\/\/constrio.prosardev.com\/fr\/wp-json\/wp\/v2\/users\/1"}],"replies":[{"embeddable":true,"href":"https:\/\/constrio.prosardev.com\/fr\/wp-json\/wp\/v2\/comments?post=835"}],"version-history":[{"count":193,"href":"https:\/\/constrio.prosardev.com\/fr\/wp-json\/wp\/v2\/pages\/835\/revisions"}],"predecessor-version":[{"id":3346,"href":"https:\/\/constrio.prosardev.com\/fr\/wp-json\/wp\/v2\/pages\/835\/revisions\/3346"}],"wp:attachment":[{"href":"https:\/\/constrio.prosardev.com\/fr\/wp-json\/wp\/v2\/media?parent=835"}],"curies":[{"name":"wp","href":"https:\/\/api.w.org\/{rel}","templated":true}]}}