{"id":838,"date":"2021-11-20T16:57:42","date_gmt":"2021-11-20T21:57:42","guid":{"rendered":"https:\/\/constrio.prosardev.com\/echantillons\/"},"modified":"2026-04-15T16:15:38","modified_gmt":"2026-04-15T20:15:38","slug":"echantillons","status":"publish","type":"page","link":"https:\/\/constrio.prosardev.com\/fr\/echantillons\/","title":{"rendered":"\u00c9chantillons"},"content":{"rendered":"\t\t<div data-elementor-type=\"wp-page\" data-elementor-id=\"838\" class=\"elementor elementor-838 elementor-108\" data-elementor-post-type=\"page\">\n\t\t\t\t\t\t<section class=\"elementor-section elementor-top-section elementor-element elementor-element-444e204 elementor-section-full_width elementor-section-height-min-height parallax_section_holder elementor-section-height-default elementor-section-items-middle qode_elementor_container_no\" data-id=\"444e204\" data-element_type=\"section\" data-e-type=\"section\" data-settings=\"{&quot;background_background&quot;:&quot;classic&quot;,&quot;motion_fx_motion_fx_scrolling&quot;:&quot;yes&quot;,&quot;motion_fx_devices&quot;:[&quot;desktop&quot;,&quot;tablet&quot;,&quot;mobile&quot;],&quot;qode_parallax_image&quot;:{&quot;url&quot;:&quot;&quot;,&quot;id&quot;:&quot;&quot;,&quot;size&quot;:&quot;&quot;}}\">\n\t\t\t\t\t\t\t<div class=\"elementor-background-overlay\"><\/div>\n\t\t\t\t\t\t\t<div class=\"elementor-container elementor-column-gap-default\">\n\t\t\t\t\t<div class=\"elementor-column elementor-col-100 elementor-top-column elementor-element elementor-element-4707146\" data-id=\"4707146\" data-element_type=\"column\" data-e-type=\"column\">\n\t\t\t<div class=\"elementor-widget-wrap elementor-element-populated\">\n\t\t\t\t\t\t<div class=\"elementor-element elementor-element-4852f6f elementor-widget elementor-widget-heading\" data-id=\"4852f6f\" data-element_type=\"widget\" data-e-type=\"widget\" data-widget_type=\"heading.default\">\n\t\t\t\t<div class=\"elementor-widget-container\">\n\t\t\t\t\t<h1 class=\"elementor-heading-title elementor-size-default\">\u00c9chantillons<\/h1>\t\t\t\t<\/div>\n\t\t\t\t<\/div>\n\t\t\t\t<div class=\"elementor-element elementor-element-5ded8f1 elementor-widget elementor-widget-heading\" data-id=\"5ded8f1\" data-element_type=\"widget\" data-e-type=\"widget\" data-widget_type=\"heading.default\">\n\t\t\t\t<div class=\"elementor-widget-container\">\n\t\t\t\t\t<h2 class=\"elementor-heading-title elementor-size-default\">Constrio fournit des mat\u00e9riaux de construction et des solutions innovantes \u00e0 l'industrie de la construction.\n<\/h2>\t\t\t\t<\/div>\n\t\t\t\t<\/div>\n\t\t\t\t\t<\/div>\n\t\t<\/div>\n\t\t\t\t\t<\/div>\n\t\t<\/section>\n\t\t\t\t<section class=\"elementor-section elementor-top-section elementor-element elementor-element-3185733 elementor-section-boxed elementor-section-height-default elementor-section-height-default parallax_section_no qode_elementor_container_no\" data-id=\"3185733\" data-element_type=\"section\" data-e-type=\"section\">\n\t\t\t\t\t\t<div class=\"elementor-container elementor-column-gap-default\">\n\t\t\t\t\t<div class=\"elementor-column elementor-col-50 elementor-top-column elementor-element elementor-element-3983876\" data-id=\"3983876\" data-element_type=\"column\" data-e-type=\"column\">\n\t\t\t<div class=\"elementor-widget-wrap elementor-element-populated\">\n\t\t\t\t\t\t<div class=\"elementor-element elementor-element-1e1a828 elementor-widget elementor-widget-heading\" data-id=\"1e1a828\" data-element_type=\"widget\" data-e-type=\"widget\" data-widget_type=\"heading.default\">\n\t\t\t\t<div class=\"elementor-widget-container\">\n\t\t\t\t\t<h2 class=\"elementor-heading-title elementor-size-default\">S\u00e9lectionnez le fabricant dans la liste ci-dessous, puis s\u00e9lectionnez chaque produit pour lequel vous souhaitez un \u00e9chantillon.<\/h2>\t\t\t\t<\/div>\n\t\t\t\t<\/div>\n\t\t\t\t<div class=\"elementor-element elementor-element-74a97e9 elementor-widget elementor-widget-heading\" data-id=\"74a97e9\" data-element_type=\"widget\" data-e-type=\"widget\" data-widget_type=\"heading.default\">\n\t\t\t\t<div class=\"elementor-widget-container\">\n\t\t\t\t\t<h2 class=\"elementor-heading-title elementor-size-default\">Un maximum de 5 \u00e9chantillons peuvent \u00eatre demand\u00e9s \u00e0 la fois. Veuillez svp soumettre un autre formulaire si vous en avez besoin de plus de 5.<\/h2>\t\t\t\t<\/div>\n\t\t\t\t<\/div>\n\t\t\t\t\t<\/div>\n\t\t<\/div>\n\t\t\t\t<div class=\"elementor-column elementor-col-50 elementor-top-column elementor-element elementor-element-0c627cc\" data-id=\"0c627cc\" data-element_type=\"column\" data-e-type=\"column\">\n\t\t\t<div class=\"elementor-widget-wrap elementor-element-populated\">\n\t\t\t\t\t\t<div class=\"elementor-element elementor-element-861b2d3 elementor-widget elementor-widget-image\" data-id=\"861b2d3\" data-element_type=\"widget\" data-e-type=\"widget\" data-widget_type=\"image.default\">\n\t\t\t\t<div class=\"elementor-widget-container\">\n\t\t\t\t\t\t\t\t\t\t\t\t\t\t\t<img fetchpriority=\"high\" decoding=\"async\" width=\"1000\" height=\"563\" src=\"https:\/\/constrio.prosardev.com\/wp-content\/uploads\/2021\/07\/constrio2.jpg\" class=\"attachment-large size-large wp-image-771\" alt=\"\" srcset=\"https:\/\/constrio.prosardev.com\/wp-content\/uploads\/2021\/07\/constrio2.jpg 1000w, https:\/\/constrio.prosardev.com\/wp-content\/uploads\/2021\/07\/constrio2-600x338.jpg 600w, https:\/\/constrio.prosardev.com\/wp-content\/uploads\/2021\/07\/constrio2-300x169.jpg 300w, https:\/\/constrio.prosardev.com\/wp-content\/uploads\/2021\/07\/constrio2-768x432.jpg 768w, https:\/\/constrio.prosardev.com\/wp-content\/uploads\/2021\/07\/constrio2-700x394.jpg 700w, https:\/\/constrio.prosardev.com\/wp-content\/uploads\/2021\/07\/constrio2-539x303.jpg 539w\" sizes=\"(max-width: 1000px) 100vw, 1000px\" \/>\t\t\t\t\t\t\t\t\t\t\t\t\t\t\t<\/div>\n\t\t\t\t<\/div>\n\t\t\t\t\t<\/div>\n\t\t<\/div>\n\t\t\t\t\t<\/div>\n\t\t<\/section>\n\t\t\t\t<section class=\"elementor-section elementor-top-section elementor-element elementor-element-aff6dff elementor-section-boxed elementor-section-height-default elementor-section-height-default parallax_section_no qode_elementor_container_no\" data-id=\"aff6dff\" data-element_type=\"section\" data-e-type=\"section\">\n\t\t\t\t\t\t<div class=\"elementor-container elementor-column-gap-default\">\n\t\t\t\t\t<div class=\"elementor-column elementor-col-100 elementor-top-column elementor-element elementor-element-6a09d1a\" data-id=\"6a09d1a\" data-element_type=\"column\" data-e-type=\"column\">\n\t\t\t<div class=\"elementor-widget-wrap elementor-element-populated\">\n\t\t\t\t\t\t<div class=\"elementor-element elementor-element-8b54075 elementor-widget elementor-widget-text-editor\" data-id=\"8b54075\" data-element_type=\"widget\" data-e-type=\"widget\" data-widget_type=\"text-editor.default\">\n\t\t\t\t<div class=\"elementor-widget-container\">\n\t\t\t\t\t\t\t\t\t<iframe aria-label='Samples' frameborder=\"0\" style=\"height:1400px;width:100%;border:none;\" src='https:\/\/forms.zohopublic.ca\/constrio\/form\/Samples\/formperma\/SFaR6TpvSp0V8p1zlCBGkEtEKlfVkdJGNV-YGcuRwsw?zf_lang=fr'><\/iframe>\t\t\t\t\t\t\t\t<\/div>\n\t\t\t\t<\/div>\n\t\t\t\t\t<\/div>\n\t\t<\/div>\n\t\t\t\t\t<\/div>\n\t\t<\/section>\n\t\t\t\t<section class=\"elementor-section elementor-top-section elementor-element elementor-element-8f40aae elementor-section-boxed elementor-section-height-default elementor-section-height-default parallax_section_no qode_elementor_container_no\" data-id=\"8f40aae\" data-element_type=\"section\" data-e-type=\"section\" data-settings=\"{&quot;background_background&quot;:&quot;classic&quot;}\">\n\t\t\t\t\t\t<div class=\"elementor-container elementor-column-gap-default\">\n\t\t\t\t\t<div class=\"elementor-column elementor-col-100 elementor-top-column elementor-element elementor-element-d327334\" data-id=\"d327334\" data-element_type=\"column\" data-e-type=\"column\">\n\t\t\t<div class=\"elementor-widget-wrap elementor-element-populated\">\n\t\t\t\t\t\t<section class=\"elementor-section elementor-inner-section elementor-element elementor-element-85f686d elementor-section-boxed elementor-section-height-default elementor-section-height-default parallax_section_no qode_elementor_container_no\" data-id=\"85f686d\" data-element_type=\"section\" data-e-type=\"section\">\n\t\t\t\t\t\t<div class=\"elementor-container elementor-column-gap-default\">\n\t\t\t\t\t<div class=\"elementor-column elementor-col-50 elementor-inner-column elementor-element elementor-element-d1f678a\" data-id=\"d1f678a\" data-element_type=\"column\" data-e-type=\"column\">\n\t\t\t<div class=\"elementor-widget-wrap elementor-element-populated\">\n\t\t\t\t\t\t<div class=\"elementor-element elementor-element-7f0855b elementor-widget elementor-widget-image\" data-id=\"7f0855b\" data-element_type=\"widget\" data-e-type=\"widget\" data-widget_type=\"image.default\">\n\t\t\t\t<div class=\"elementor-widget-container\">\n\t\t\t\t\t\t\t\t\t\t\t\t\t\t\t\t<a href=\"https:\/\/constrio.prosardev.com\">\n\t\t\t\t\t\t\t<img decoding=\"async\" width=\"300\" height=\"105\" src=\"https:\/\/constrio.prosardev.com\/wp-content\/uploads\/2023\/02\/Constrio-Logo-Horizontal-W-300x105.png\" class=\"attachment-medium size-medium wp-image-1178\" alt=\"\" srcset=\"https:\/\/constrio.prosardev.com\/wp-content\/uploads\/2023\/02\/Constrio-Logo-Horizontal-W-300x105.png 300w, https:\/\/constrio.prosardev.com\/wp-content\/uploads\/2023\/02\/Constrio-Logo-Horizontal-W-600x209.png 600w, https:\/\/constrio.prosardev.com\/wp-content\/uploads\/2023\/02\/Constrio-Logo-Horizontal-W-1024x357.png 1024w, https:\/\/constrio.prosardev.com\/wp-content\/uploads\/2023\/02\/Constrio-Logo-Horizontal-W-768x268.png 768w, https:\/\/constrio.prosardev.com\/wp-content\/uploads\/2023\/02\/Constrio-Logo-Horizontal-W-700x244.png 700w, https:\/\/constrio.prosardev.com\/wp-content\/uploads\/2023\/02\/Constrio-Logo-Horizontal-W.png 1200w\" sizes=\"(max-width: 300px) 100vw, 300px\" \/>\t\t\t\t\t\t\t\t<\/a>\n\t\t\t\t\t\t\t\t\t\t\t\t\t\t\t<\/div>\n\t\t\t\t<\/div>\n\t\t\t\t<div class=\"elementor-element elementor-element-32735f8 elementor-widget elementor-widget-text-editor\" data-id=\"32735f8\" data-element_type=\"widget\" data-e-type=\"widget\" data-widget_type=\"text-editor.default\">\n\t\t\t\t<div class=\"elementor-widget-container\">\n\t\t\t\t\t\t\t\t\t<p><a href=\"http:\/\/paricime.com\/contacts\/\" target=\"_blank\" rel=\"noopener noreferrer\">info@constrio.com<\/a><\/p><p>514-318-0079<\/p>\t\t\t\t\t\t\t\t<\/div>\n\t\t\t\t<\/div>\n\t\t\t\t<div class=\"elementor-element elementor-element-a699e63 elementor-widget elementor-widget-button\" data-id=\"a699e63\" data-element_type=\"widget\" data-e-type=\"widget\" data-widget_type=\"button.default\">\n\t\t\t\t<div class=\"elementor-widget-container\">\n\t\t\t\t\t\t\t\t\t<div class=\"elementor-button-wrapper\">\n\t\t\t\t\t<a class=\"elementor-button elementor-button-link elementor-size-sm\" href=\"\/newsletter\/\">\n\t\t\t\t\t\t<span class=\"elementor-button-content-wrapper\">\n\t\t\t\t\t\t\t\t\t<span class=\"elementor-button-text\">Infolettre \u00c9lectronique\u200b<\/span>\n\t\t\t\t\t<\/span>\n\t\t\t\t\t<\/a>\n\t\t\t\t<\/div>\n\t\t\t\t\t\t\t\t<\/div>\n\t\t\t\t<\/div>\n\t\t\t\t\t<\/div>\n\t\t<\/div>\n\t\t\t\t<div class=\"elementor-column elementor-col-50 elementor-inner-column elementor-element elementor-element-264d025\" data-id=\"264d025\" data-element_type=\"column\" data-e-type=\"column\">\n\t\t\t<div class=\"elementor-widget-wrap elementor-element-populated\">\n\t\t\t\t\t\t<div class=\"elementor-element elementor-element-6d643af elementor-widget elementor-widget-spacer\" data-id=\"6d643af\" data-element_type=\"widget\" data-e-type=\"widget\" data-widget_type=\"spacer.default\">\n\t\t\t\t<div class=\"elementor-widget-container\">\n\t\t\t\t\t\t\t<div class=\"elementor-spacer\">\n\t\t\t<div class=\"elementor-spacer-inner\"><\/div>\n\t\t<\/div>\n\t\t\t\t\t\t<\/div>\n\t\t\t\t<\/div>\n\t\t\t\t<div class=\"elementor-element elementor-element-85e2f74 elementor-widget elementor-widget-image\" data-id=\"85e2f74\" data-element_type=\"widget\" data-e-type=\"widget\" data-widget_type=\"image.default\">\n\t\t\t\t<div class=\"elementor-widget-container\">\n\t\t\t\t\t\t\t\t\t\t\t\t\t\t\t\t<a href=\"https:\/\/montreal.csc-dcc.ca\/\" target=\"_blank\">\n\t\t\t\t\t\t\t<img decoding=\"async\" width=\"300\" height=\"300\" src=\"https:\/\/constrio.prosardev.com\/wp-content\/uploads\/2025\/02\/CSC-DCC-White-trans-300x300.png\" class=\"attachment-medium size-medium wp-image-3180\" alt=\"\" srcset=\"https:\/\/constrio.prosardev.com\/wp-content\/uploads\/2025\/02\/CSC-DCC-White-trans-300x300.png 300w, https:\/\/constrio.prosardev.com\/wp-content\/uploads\/2025\/02\/CSC-DCC-White-trans-100x100.png 100w, https:\/\/constrio.prosardev.com\/wp-content\/uploads\/2025\/02\/CSC-DCC-White-trans-600x600.png 600w, https:\/\/constrio.prosardev.com\/wp-content\/uploads\/2025\/02\/CSC-DCC-White-trans-1024x1024.png 1024w, https:\/\/constrio.prosardev.com\/wp-content\/uploads\/2025\/02\/CSC-DCC-White-trans-150x150.png 150w, https:\/\/constrio.prosardev.com\/wp-content\/uploads\/2025\/02\/CSC-DCC-White-trans-768x768.png 768w, https:\/\/constrio.prosardev.com\/wp-content\/uploads\/2025\/02\/CSC-DCC-White-trans-570x570.png 570w, https:\/\/constrio.prosardev.com\/wp-content\/uploads\/2025\/02\/CSC-DCC-White-trans-500x500.png 500w, https:\/\/constrio.prosardev.com\/wp-content\/uploads\/2025\/02\/CSC-DCC-White-trans-1000x1000.png 1000w, https:\/\/constrio.prosardev.com\/wp-content\/uploads\/2025\/02\/CSC-DCC-White-trans-700x700.png 700w, https:\/\/constrio.prosardev.com\/wp-content\/uploads\/2025\/02\/CSC-DCC-White-trans.png 1080w\" sizes=\"(max-width: 300px) 100vw, 300px\" \/>\t\t\t\t\t\t\t\t<\/a>\n\t\t\t\t\t\t\t\t\t\t\t\t\t\t\t<\/div>\n\t\t\t\t<\/div>\n\t\t\t\t\t<\/div>\n\t\t<\/div>\n\t\t\t\t\t<\/div>\n\t\t<\/section>\n\t\t\t\t\t<\/div>\n\t\t<\/div>\n\t\t\t\t\t<\/div>\n\t\t<\/section>\n\t\t\t\t<\/div>\n\t\t","protected":false},"excerpt":{"rendered":"<p>\u00c9chantillons Constrio fournit des mat\u00e9riaux de construction et des solutions innovantes \u00e0 l&rsquo;industrie de la construction. S\u00e9lectionnez le fabricant dans la liste ci-dessous, puis s\u00e9lectionnez chaque produit pour lequel vous souhaitez un \u00e9chantillon. Un maximum de 5 \u00e9chantillons peuvent \u00eatre demand\u00e9s \u00e0 la fois. Veuillez&#8230;<\/p>\n","protected":false},"author":1,"featured_media":0,"parent":0,"menu_order":0,"comment_status":"closed","ping_status":"closed","template":"elementor_header_footer","meta":{"footnotes":""},"class_list":["post-838","page","type-page","status-publish","hentry"],"yoast_head":"<!-- This site is optimized with the Yoast SEO plugin v27.0 - https:\/\/yoast.com\/product\/yoast-seo-wordpress\/ -->\n<title>\u00c9chantillons - Constrio<\/title>\n<meta name=\"robots\" content=\"index, follow, max-snippet:-1, max-image-preview:large, max-video-preview:-1\" \/>\n<link rel=\"canonical\" href=\"https:\/\/constrio.prosardev.com\/fr\/echantillons\/\" \/>\n<meta property=\"og:locale\" content=\"fr_FR\" \/>\n<meta property=\"og:type\" content=\"article\" \/>\n<meta property=\"og:title\" content=\"\u00c9chantillons - Constrio\" \/>\n<meta property=\"og:description\" content=\"\u00c9chantillons Constrio fournit des mat\u00e9riaux de construction et des solutions innovantes \u00e0 l&rsquo;industrie de la construction. S\u00e9lectionnez le fabricant dans la liste ci-dessous, puis s\u00e9lectionnez chaque produit pour lequel vous souhaitez un \u00e9chantillon. Un maximum de 5 \u00e9chantillons peuvent \u00eatre demand\u00e9s \u00e0 la fois. Veuillez...\" \/>\n<meta property=\"og:url\" content=\"https:\/\/constrio.prosardev.com\/fr\/echantillons\/\" \/>\n<meta property=\"og:site_name\" content=\"Constrio\" \/>\n<meta property=\"article:modified_time\" content=\"2026-04-15T20:15:38+00:00\" \/>\n<meta property=\"og:image\" content=\"https:\/\/constrio.prosardev.com\/wp-content\/uploads\/2021\/07\/constrio2.jpg\" \/>\n\t<meta property=\"og:image:width\" content=\"1000\" \/>\n\t<meta property=\"og:image:height\" content=\"563\" \/>\n\t<meta property=\"og:image:type\" content=\"image\/jpeg\" \/>\n<meta name=\"twitter:card\" content=\"summary_large_image\" \/>\n<meta name=\"twitter:label1\" content=\"Dur\u00e9e de lecture estim\u00e9e\" \/>\n\t<meta name=\"twitter:data1\" content=\"1 minute\" \/>\n<script type=\"application\/ld+json\" class=\"yoast-schema-graph\">{\"@context\":\"https:\/\/schema.org\",\"@graph\":[{\"@type\":\"WebPage\",\"@id\":\"https:\/\/constrio.prosardev.com\/fr\/echantillons\/\",\"url\":\"https:\/\/constrio.prosardev.com\/fr\/echantillons\/\",\"name\":\"\u00c9chantillons - Constrio\",\"isPartOf\":{\"@id\":\"https:\/\/constrio.prosardev.com\/fr\/#website\"},\"primaryImageOfPage\":{\"@id\":\"https:\/\/constrio.prosardev.com\/fr\/echantillons\/#primaryimage\"},\"image\":{\"@id\":\"https:\/\/constrio.prosardev.com\/fr\/echantillons\/#primaryimage\"},\"thumbnailUrl\":\"https:\/\/constrio.prosardev.com\/wp-content\/uploads\/2021\/07\/constrio2.jpg\",\"datePublished\":\"2021-11-20T21:57:42+00:00\",\"dateModified\":\"2026-04-15T20:15:38+00:00\",\"breadcrumb\":{\"@id\":\"https:\/\/constrio.prosardev.com\/fr\/echantillons\/#breadcrumb\"},\"inLanguage\":\"fr-FR\",\"potentialAction\":[{\"@type\":\"ReadAction\",\"target\":[\"https:\/\/constrio.prosardev.com\/fr\/echantillons\/\"]}]},{\"@type\":\"ImageObject\",\"inLanguage\":\"fr-FR\",\"@id\":\"https:\/\/constrio.prosardev.com\/fr\/echantillons\/#primaryimage\",\"url\":\"https:\/\/constrio.prosardev.com\/wp-content\/uploads\/2021\/07\/constrio2.jpg\",\"contentUrl\":\"https:\/\/constrio.prosardev.com\/wp-content\/uploads\/2021\/07\/constrio2.jpg\"},{\"@type\":\"BreadcrumbList\",\"@id\":\"https:\/\/constrio.prosardev.com\/fr\/echantillons\/#breadcrumb\",\"itemListElement\":[{\"@type\":\"ListItem\",\"position\":1,\"name\":\"Home\",\"item\":\"https:\/\/constrio.prosardev.com\/fr\/\"},{\"@type\":\"ListItem\",\"position\":2,\"name\":\"\u00c9chantillons\"}]},{\"@type\":\"WebSite\",\"@id\":\"https:\/\/constrio.prosardev.com\/fr\/#website\",\"url\":\"https:\/\/constrio.prosardev.com\/fr\/\",\"name\":\"Constrio\",\"description\":\"Constrio offre des solutions sur mesure aux entreprises manufacturi\u00e8res\",\"potentialAction\":[{\"@type\":\"SearchAction\",\"target\":{\"@type\":\"EntryPoint\",\"urlTemplate\":\"https:\/\/constrio.prosardev.com\/fr\/?s={search_term_string}\"},\"query-input\":{\"@type\":\"PropertyValueSpecification\",\"valueRequired\":true,\"valueName\":\"search_term_string\"}}],\"inLanguage\":\"fr-FR\"}]}<\/script>\n<!-- \/ Yoast SEO plugin. -->","yoast_head_json":{"title":"\u00c9chantillons - Constrio","robots":{"index":"index","follow":"follow","max-snippet":"max-snippet:-1","max-image-preview":"max-image-preview:large","max-video-preview":"max-video-preview:-1"},"canonical":"https:\/\/constrio.prosardev.com\/fr\/echantillons\/","og_locale":"fr_FR","og_type":"article","og_title":"\u00c9chantillons - Constrio","og_description":"\u00c9chantillons Constrio fournit des mat\u00e9riaux de construction et des solutions innovantes \u00e0 l&rsquo;industrie de la construction. S\u00e9lectionnez le fabricant dans la liste ci-dessous, puis s\u00e9lectionnez chaque produit pour lequel vous souhaitez un \u00e9chantillon. Un maximum de 5 \u00e9chantillons peuvent \u00eatre demand\u00e9s \u00e0 la fois. Veuillez...","og_url":"https:\/\/constrio.prosardev.com\/fr\/echantillons\/","og_site_name":"Constrio","article_modified_time":"2026-04-15T20:15:38+00:00","og_image":[{"width":1000,"height":563,"url":"https:\/\/constrio.prosardev.com\/wp-content\/uploads\/2021\/07\/constrio2.jpg","type":"image\/jpeg"}],"twitter_card":"summary_large_image","twitter_misc":{"Dur\u00e9e de lecture estim\u00e9e":"1 minute"},"schema":{"@context":"https:\/\/schema.org","@graph":[{"@type":"WebPage","@id":"https:\/\/constrio.prosardev.com\/fr\/echantillons\/","url":"https:\/\/constrio.prosardev.com\/fr\/echantillons\/","name":"\u00c9chantillons - Constrio","isPartOf":{"@id":"https:\/\/constrio.prosardev.com\/fr\/#website"},"primaryImageOfPage":{"@id":"https:\/\/constrio.prosardev.com\/fr\/echantillons\/#primaryimage"},"image":{"@id":"https:\/\/constrio.prosardev.com\/fr\/echantillons\/#primaryimage"},"thumbnailUrl":"https:\/\/constrio.prosardev.com\/wp-content\/uploads\/2021\/07\/constrio2.jpg","datePublished":"2021-11-20T21:57:42+00:00","dateModified":"2026-04-15T20:15:38+00:00","breadcrumb":{"@id":"https:\/\/constrio.prosardev.com\/fr\/echantillons\/#breadcrumb"},"inLanguage":"fr-FR","potentialAction":[{"@type":"ReadAction","target":["https:\/\/constrio.prosardev.com\/fr\/echantillons\/"]}]},{"@type":"ImageObject","inLanguage":"fr-FR","@id":"https:\/\/constrio.prosardev.com\/fr\/echantillons\/#primaryimage","url":"https:\/\/constrio.prosardev.com\/wp-content\/uploads\/2021\/07\/constrio2.jpg","contentUrl":"https:\/\/constrio.prosardev.com\/wp-content\/uploads\/2021\/07\/constrio2.jpg"},{"@type":"BreadcrumbList","@id":"https:\/\/constrio.prosardev.com\/fr\/echantillons\/#breadcrumb","itemListElement":[{"@type":"ListItem","position":1,"name":"Home","item":"https:\/\/constrio.prosardev.com\/fr\/"},{"@type":"ListItem","position":2,"name":"\u00c9chantillons"}]},{"@type":"WebSite","@id":"https:\/\/constrio.prosardev.com\/fr\/#website","url":"https:\/\/constrio.prosardev.com\/fr\/","name":"Constrio","description":"Constrio offre des solutions sur mesure aux entreprises manufacturi\u00e8res","potentialAction":[{"@type":"SearchAction","target":{"@type":"EntryPoint","urlTemplate":"https:\/\/constrio.prosardev.com\/fr\/?s={search_term_string}"},"query-input":{"@type":"PropertyValueSpecification","valueRequired":true,"valueName":"search_term_string"}}],"inLanguage":"fr-FR"}]}},"_links":{"self":[{"href":"https:\/\/constrio.prosardev.com\/fr\/wp-json\/wp\/v2\/pages\/838","targetHints":{"allow":["GET"]}}],"collection":[{"href":"https:\/\/constrio.prosardev.com\/fr\/wp-json\/wp\/v2\/pages"}],"about":[{"href":"https:\/\/constrio.prosardev.com\/fr\/wp-json\/wp\/v2\/types\/page"}],"author":[{"embeddable":true,"href":"https:\/\/constrio.prosardev.com\/fr\/wp-json\/wp\/v2\/users\/1"}],"replies":[{"embeddable":true,"href":"https:\/\/constrio.prosardev.com\/fr\/wp-json\/wp\/v2\/comments?post=838"}],"version-history":[{"count":74,"href":"https:\/\/constrio.prosardev.com\/fr\/wp-json\/wp\/v2\/pages\/838\/revisions"}],"predecessor-version":[{"id":3604,"href":"https:\/\/constrio.prosardev.com\/fr\/wp-json\/wp\/v2\/pages\/838\/revisions\/3604"}],"wp:attachment":[{"href":"https:\/\/constrio.prosardev.com\/fr\/wp-json\/wp\/v2\/media?parent=838"}],"curies":[{"name":"wp","href":"https:\/\/api.w.org\/{rel}","templated":true}]}}